{"id":79,"date":"2018-09-27T09:40:00","date_gmt":"2018-09-27T07:40:00","guid":{"rendered":"http:\/\/mordorswiss.com\/?page_id=79"},"modified":"2021-05-02T15:13:37","modified_gmt":"2021-05-02T13:13:37","slug":"odes-1995","status":"publish","type":"page","link":"https:\/\/mordorswiss.com\/index.php\/discography\/odes-1995\/","title":{"rendered":"Odes &#8211; 1995"},"content":{"rendered":"<p><strong>ODES<\/strong><\/p>\n<p><img loading=\"lazy\" decoding=\"async\" class=\"alignnone size-medium wp-image-80\" src=\"http:\/\/mordorswiss.com\/wp-content\/uploads\/2018\/09\/mordor_odes-300x300.jpg\" alt=\"\" width=\"300\" height=\"300\" srcset=\"https:\/\/mordorswiss.com\/wp-content\/uploads\/2018\/09\/mordor_odes-300x300.jpg 300w, https:\/\/mordorswiss.com\/wp-content\/uploads\/2018\/09\/mordor_odes-150x150.jpg 150w, https:\/\/mordorswiss.com\/wp-content\/uploads\/2018\/09\/mordor_odes-100x100.jpg 100w, https:\/\/mordorswiss.com\/wp-content\/uploads\/2018\/09\/mordor_odes.jpg 400w\" sizes=\"(max-width: 300px) 100vw, 300px\" \/><\/p>\n<ol>\n<li>Dark Throne of Blasphemous Evil &#8211;\u00a021:55<\/li>\n<li>The Great Kat Is God &#8211;\u00a009:56 &#8211;\u00a0<a href=\"https:\/\/youtu.be\/A9_D7Fxuuss\" target=\"_blank\" rel=\"noopener noreferrer\">Listen on Youtube<\/a><\/li>\n<li>Lamentations for Corinne &#8211;\u00a024:31<\/li>\n<li>Black Roses From The Dawn Of Chaos &#8211; 10:24<\/li>\n<\/ol>\n<p>total &#8211;\u00a0<strong>66:48<\/strong><\/p>\n<p><a href=\"https:\/\/mordorswiss.bandcamp.com\/album\/odes\" target=\"_blank\" rel=\"noopener noreferrer\">listen on bandcamp<\/a><\/p>\n<p><em>Odes<\/em> was recorded in very special conditions at L&rsquo;Antre, in November 1990. Despite the not excellent sound quality, it offers an incredible atmosphere for somebody able to get inside it. Remixed at Dark Sound Studio in 1994.<\/p>\n<p lang=\"en-GB\" align=\"JUSTIFY\">\u201cBlack Roses from the Dawn of the Chaos\u201d was recorded at Dark Sound Studio, for a very important aim. It was used for the limited edition of the compilation AR\u00d6G\/MORDOR\/GORA in 1991. Remixed at Dark Sound Studio in 1994.<\/p>\n<p>\u201cDark Throne of Blasphemous Evil\u201d is dedicated to Howard P. Lovecraft.<br \/>\n\u201cThe Great Kat is God\u201d is dedicated to Katherine Thomas.<br \/>\n\u201cLamentations for Corinne\u201d is dedicated to Corinne D.<br \/>\n\u201cBlack Roses from the Dawn of Chaos\u201d is dedicated to T\u00ebn\u00ebbr\u00e2hl.<\/p>\n<p><iframe loading=\"lazy\" title=\"Mordor (Swi) - Odes - Wild Rags CD 1995 (official audio)\" width=\"500\" height=\"281\" src=\"https:\/\/www.youtube.com\/embed\/Dl4a_I7M7Hs?feature=oembed\" frameborder=\"0\" allow=\"accelerometer; autoplay; clipboard-write; encrypted-media; gyroscope; picture-in-picture; web-share\" referrerpolicy=\"strict-origin-when-cross-origin\" allowfullscreen><\/iframe><\/p>\n","protected":false},"excerpt":{"rendered":"<div class=\"mh-excerpt\"><p>ODES Dark Throne of Blasphemous Evil &#8211;\u00a021:55 The Great Kat Is God &#8211;\u00a009:56 &#8211;\u00a0Listen on Youtube Lamentations for Corinne &#8211;\u00a024:31 Black Roses From The Dawn <a class=\"mh-excerpt-more\" href=\"https:\/\/mordorswiss.com\/index.php\/discography\/odes-1995\/\" title=\"Odes &#8211; 1995\">[&#8230;]<\/a><\/p>\n<\/div>","protected":false},"author":1,"featured_media":0,"parent":76,"menu_order":10,"comment_status":"closed","ping_status":"closed","template":"","meta":{"footnotes":""},"yoast_head":"<!-- This site is optimized with the Yoast SEO plugin v16.2 - https:\/\/yoast.com\/wordpress\/plugins\/seo\/ -->\n<title>Odes - 1995 - Mordor Swiss Official<\/title>\n<meta name=\"robots\" content=\"index, follow, max-snippet:-1, max-image-preview:large, max-video-preview:-1\" \/>\n<link rel=\"canonical\" href=\"https:\/\/mordorswiss.com\/index.php\/discography\/odes-1995\/\" \/>\n<meta property=\"og:locale\" content=\"fr_FR\" \/>\n<meta property=\"og:type\" content=\"article\" \/>\n<meta property=\"og:title\" content=\"Odes - 1995 - Mordor Swiss Official\" \/>\n<meta property=\"og:description\" content=\"ODES Dark Throne of Blasphemous Evil &#8211;\u00a021:55 The Great Kat Is God &#8211;\u00a009:56 &#8211;\u00a0Listen on Youtube Lamentations for Corinne &#8211;\u00a024:31 Black Roses From The Dawn [...]\" \/>\n<meta property=\"og:url\" content=\"https:\/\/mordorswiss.com\/index.php\/discography\/odes-1995\/\" \/>\n<meta property=\"og:site_name\" content=\"Mordor Swiss Official\" \/>\n<meta property=\"article:modified_time\" content=\"2021-05-02T13:13:37+00:00\" \/>\n<meta property=\"og:image\" content=\"http:\/\/mordorswiss.com\/wp-content\/uploads\/2018\/09\/mordor_odes-300x300.jpg\" \/>\n<meta name=\"twitter:card\" content=\"summary_large_image\" \/>\n<meta name=\"twitter:label1\" content=\"Dur\u00e9e de lecture est.\">\n\t<meta name=\"twitter:data1\" content=\"1 minute\">\n<script type=\"application\/ld+json\" class=\"yoast-schema-graph\">{\"@context\":\"https:\/\/schema.org\",\"@graph\":[{\"@type\":\"WebSite\",\"@id\":\"https:\/\/mordorswiss.com\/#website\",\"url\":\"https:\/\/mordorswiss.com\/\",\"name\":\"Mordor Swiss Official\",\"description\":\"Only Dark is Absolute\",\"potentialAction\":[{\"@type\":\"SearchAction\",\"target\":\"https:\/\/mordorswiss.com\/?s={search_term_string}\",\"query-input\":\"required name=search_term_string\"}],\"inLanguage\":\"fr-FR\"},{\"@type\":\"ImageObject\",\"@id\":\"https:\/\/mordorswiss.com\/index.php\/discography\/odes-1995\/#primaryimage\",\"inLanguage\":\"fr-FR\",\"url\":\"http:\/\/mordorswiss.com\/wp-content\/uploads\/2018\/09\/mordor_odes-300x300.jpg\",\"contentUrl\":\"http:\/\/mordorswiss.com\/wp-content\/uploads\/2018\/09\/mordor_odes-300x300.jpg\"},{\"@type\":\"WebPage\",\"@id\":\"https:\/\/mordorswiss.com\/index.php\/discography\/odes-1995\/#webpage\",\"url\":\"https:\/\/mordorswiss.com\/index.php\/discography\/odes-1995\/\",\"name\":\"Odes - 1995 - Mordor Swiss Official\",\"isPartOf\":{\"@id\":\"https:\/\/mordorswiss.com\/#website\"},\"primaryImageOfPage\":{\"@id\":\"https:\/\/mordorswiss.com\/index.php\/discography\/odes-1995\/#primaryimage\"},\"datePublished\":\"2018-09-27T07:40:00+00:00\",\"dateModified\":\"2021-05-02T13:13:37+00:00\",\"breadcrumb\":{\"@id\":\"https:\/\/mordorswiss.com\/index.php\/discography\/odes-1995\/#breadcrumb\"},\"inLanguage\":\"fr-FR\",\"potentialAction\":[{\"@type\":\"ReadAction\",\"target\":[\"https:\/\/mordorswiss.com\/index.php\/discography\/odes-1995\/\"]}]},{\"@type\":\"BreadcrumbList\",\"@id\":\"https:\/\/mordorswiss.com\/index.php\/discography\/odes-1995\/#breadcrumb\",\"itemListElement\":[{\"@type\":\"ListItem\",\"position\":1,\"item\":{\"@type\":\"WebPage\",\"@id\":\"https:\/\/mordorswiss.com\/\",\"url\":\"https:\/\/mordorswiss.com\/\",\"name\":\"Accueil\"}},{\"@type\":\"ListItem\",\"position\":2,\"item\":{\"@type\":\"WebPage\",\"@id\":\"https:\/\/mordorswiss.com\/index.php\/discography\/\",\"url\":\"https:\/\/mordorswiss.com\/index.php\/discography\/\",\"name\":\"Discography\"}},{\"@type\":\"ListItem\",\"position\":3,\"item\":{\"@id\":\"https:\/\/mordorswiss.com\/index.php\/discography\/odes-1995\/#webpage\"}}]}]}<\/script>\n<!-- \/ Yoast SEO plugin. -->","_links":{"self":[{"href":"https:\/\/mordorswiss.com\/index.php\/wp-json\/wp\/v2\/pages\/79"}],"collection":[{"href":"https:\/\/mordorswiss.com\/index.php\/wp-json\/wp\/v2\/pages"}],"about":[{"href":"https:\/\/mordorswiss.com\/index.php\/wp-json\/wp\/v2\/types\/page"}],"author":[{"embeddable":true,"href":"https:\/\/mordorswiss.com\/index.php\/wp-json\/wp\/v2\/users\/1"}],"replies":[{"embeddable":true,"href":"https:\/\/mordorswiss.com\/index.php\/wp-json\/wp\/v2\/comments?post=79"}],"version-history":[{"count":13,"href":"https:\/\/mordorswiss.com\/index.php\/wp-json\/wp\/v2\/pages\/79\/revisions"}],"predecessor-version":[{"id":1018,"href":"https:\/\/mordorswiss.com\/index.php\/wp-json\/wp\/v2\/pages\/79\/revisions\/1018"}],"up":[{"embeddable":true,"href":"https:\/\/mordorswiss.com\/index.php\/wp-json\/wp\/v2\/pages\/76"}],"wp:attachment":[{"href":"https:\/\/mordorswiss.com\/index.php\/wp-json\/wp\/v2\/media?parent=79"}],"curies":[{"name":"wp","href":"https:\/\/api.w.org\/{rel}","templated":true}]}}