{"id":553,"date":"2019-09-24T22:31:27","date_gmt":"2019-09-24T20:31:27","guid":{"rendered":"https:\/\/mordorswiss.com\/?page_id=553"},"modified":"2022-01-26T08:46:01","modified_gmt":"2022-01-26T07:46:01","slug":"videos","status":"publish","type":"page","link":"https:\/\/mordorswiss.com\/index.php\/videos\/","title":{"rendered":"Videos"},"content":{"rendered":"\n<h2 class=\"wp-block-heading\">Mordor (SWI) &#8211; medley &#8211; Live at Les Caves du Manoir (2021)<\/h2>\n\n\n\n<iframe loading=\"lazy\" src=\"https:\/\/www.youtube.com\/embed\/6uF3sfI2SCI?rel=0\" allow=\"accelerometer; autoplay; encrypted-media; gyroscope; picture-in-picture\" allowfullscreen=\"\" width=\"560\" height=\"315\" frameborder=\"0\"><\/iframe>\n\n\n\n<hr class=\"wp-block-separator\"\/>\n\n\n\n<h2 class=\"wp-block-heading\">The Temple of the Other Gods \u2013 Live at Cinema Oblo &amp; 013 Poppodium (2008)<\/h2>\n\n\n\n<iframe loading=\"lazy\" src=\"https:\/\/www.youtube.com\/embed\/xgfoSI1lnS4?rel=0\" allow=\"accelerometer; autoplay; encrypted-media; gyroscope; picture-in-picture\" allowfullscreen=\"\" width=\"560\" height=\"315\" frameborder=\"0\"><\/iframe>\n\n\n\n<hr class=\"wp-block-separator\"\/>\n\n\n\n<h2 class=\"wp-block-heading\">Mordor (Swi) \u2013 In League with Wotan \u2013 2017\/18<\/h2>\n\n\n\n<iframe loading=\"lazy\" src=\"https:\/\/www.youtube.com\/embed\/Zgejk95MTAk?rel=0\" allow=\"accelerometer; autoplay; encrypted-media; gyroscope; picture-in-picture\" allowfullscreen=\"\" width=\"560\" height=\"315\" frameborder=\"0\"><\/iframe>\n\n\n\n<hr class=\"wp-block-separator\"\/>\n\n\n\n<h2 class=\"wp-block-heading\">Mordor (Swi) \u2013 Urzeit \u2013 Live at La Dolce Vita (1997)<\/h2>\n\n\n\n<iframe loading=\"lazy\" src=\"https:\/\/www.youtube.com\/embed\/aTNsYcgEVmw?rel=0\" allow=\"accelerometer; autoplay; encrypted-media; gyroscope; picture-in-picture\" allowfullscreen=\"\" width=\"560\" height=\"315\" frameborder=\"0\"><\/iframe>\n\n\n\n<hr class=\"wp-block-separator\"\/>\n\n\n\n<h2 class=\"wp-block-heading\">Death is a Spiral \u2013 2007 \u2013 Funeral March<\/h2>\n\n\n\n<iframe loading=\"lazy\" src=\"https:\/\/www.youtube.com\/embed\/heWmYm72GMw?rel=0\" allow=\"accelerometer; autoplay; encrypted-media; gyroscope; picture-in-picture\" allowfullscreen=\"\" width=\"560\" height=\"315\" frameborder=\"0\"><\/iframe>\n\n\n\n<hr class=\"wp-block-separator\"\/>\n\n\n\n<h2 class=\"wp-block-heading\">Metropolis (1927) &amp; Mordor (Swi) &#8211; Der Ritt auf dem Tiger (2008)<\/h2>\n\n\n\n<iframe loading=\"lazy\" src=\"https:\/\/www.youtube.com\/embed\/C9I0x9EgUH8?rel=0\" allow=\"accelerometer; autoplay; encrypted-media; gyroscope; picture-in-picture\" allowfullscreen=\"\" width=\"560\" height=\"315\" frameborder=\"0\"><\/iframe>\n\n\n\n<hr class=\"wp-block-separator\"\/>\n\n\n\n<h2 class=\"wp-block-heading\">Der Ritt auf dem Tiger \u2013 Live at Cinema Oblo (2008)<\/h2>\n\n\n\n<iframe loading=\"lazy\" src=\"https:\/\/www.youtube.com\/embed\/QVyGOZWd468?rel=0\" allow=\"accelerometer; autoplay; encrypted-media; gyroscope; picture-in-picture\" allowfullscreen=\"\" width=\"560\" height=\"315\" frameborder=\"0\"><\/iframe>\n\n\n\n<hr class=\"wp-block-separator\"\/>\n\n\n\n<h2 class=\"wp-block-heading\">The Black Priestess of K\u0101l\u012b \u2013 Live at La Dolce Vita (1997)<\/h2>\n\n\n\nXX<iframe loading=\"lazy\" src=\"https:\/\/www.youtube.com\/embed\/upk3K2S8iic?rel=0\" allow=\"accelerometer; autoplay; encrypted-media; gyroscope; picture-in-picture\" allowfullscreen=\"\" width=\"560\" height=\"315\" frameborder=\"0\"><\/iframe>\n\n\n\n<hr class=\"wp-block-separator\"\/>\n\n\n\n<h2 class=\"wp-block-heading\">Dau\u00f0i Baldrs ins G\u00f3\u00f0a \u2013 2007 \u2013 Funeral March<\/h2>\n\n\n\n<iframe loading=\"lazy\" src=\"https:\/\/www.youtube.com\/embed\/AQZ2bxCgbbQ?rel=0\" allow=\"accelerometer; autoplay; encrypted-media; gyroscope; picture-in-picture\" allowfullscreen=\"\" width=\"560\" height=\"315\" frameborder=\"0\"><\/iframe>\n\n\n\n<hr class=\"wp-block-separator\"\/>\n\n\n\n<h2 class=\"wp-block-heading\">Two Castles in Black &#8211; 1993<\/h2>\n\n\n\n<iframe loading=\"lazy\" src=\"https:\/\/www.youtube.com\/embed\/OIVo7AJgWX4?rel=0\" allow=\"accelerometer; autoplay; encrypted-media; gyroscope; picture-in-picture\" allowfullscreen=\"\" width=\"560\" height=\"315\" frameborder=\"0\"><\/iframe>\n\n\n\n<hr class=\"wp-block-separator\"\/>\n\n\n\n<h2 class=\"wp-block-heading\">Les Arm\u00e9es de Sauron &#8211; 1997 Samain live act<\/h2>\n\n\n\n<iframe loading=\"lazy\" src=\"https:\/\/www.youtube.com\/embed\/0G_z0T89v5I?rel=0\" allow=\"accelerometer; autoplay; encrypted-media; gyroscope; picture-in-picture\" allowfullscreen=\"\" width=\"560\" height=\"315\" frameborder=\"0\"><\/iframe>\n","protected":false},"excerpt":{"rendered":"<div class=\"mh-excerpt\"><p>Mordor (SWI) &#8211; medley &#8211; Live at Les Caves du Manoir (2021) The Temple of the Other Gods \u2013 Live at Cinema Oblo &amp; 013 <a class=\"mh-excerpt-more\" href=\"https:\/\/mordorswiss.com\/index.php\/videos\/\" title=\"Videos\">[&#8230;]<\/a><\/p>\n<\/div>","protected":false},"author":1,"featured_media":0,"parent":0,"menu_order":30,"comment_status":"closed","ping_status":"closed","template":"","meta":{"footnotes":""},"yoast_head":"<!-- This site is optimized with the Yoast SEO plugin v16.2 - https:\/\/yoast.com\/wordpress\/plugins\/seo\/ -->\n<title>Videos - Mordor Swiss Official<\/title>\n<meta name=\"robots\" content=\"index, follow, max-snippet:-1, max-image-preview:large, max-video-preview:-1\" \/>\n<link rel=\"canonical\" href=\"https:\/\/mordorswiss.com\/index.php\/videos\/\" \/>\n<meta property=\"og:locale\" content=\"fr_FR\" \/>\n<meta property=\"og:type\" content=\"article\" \/>\n<meta property=\"og:title\" content=\"Videos - Mordor Swiss Official\" \/>\n<meta property=\"og:description\" content=\"Mordor (SWI) &#8211; medley &#8211; Live at Les Caves du Manoir (2021) The Temple of the Other Gods \u2013 Live at Cinema Oblo &amp; 013 [...]\" \/>\n<meta property=\"og:url\" content=\"https:\/\/mordorswiss.com\/index.php\/videos\/\" \/>\n<meta property=\"og:site_name\" content=\"Mordor Swiss Official\" \/>\n<meta property=\"article:modified_time\" content=\"2022-01-26T07:46:01+00:00\" \/>\n<meta name=\"twitter:card\" content=\"summary_large_image\" \/>\n<meta name=\"twitter:label1\" content=\"Dur\u00e9e de lecture est.\">\n\t<meta name=\"twitter:data1\" content=\"1 minute\">\n<script type=\"application\/ld+json\" class=\"yoast-schema-graph\">{\"@context\":\"https:\/\/schema.org\",\"@graph\":[{\"@type\":\"WebSite\",\"@id\":\"https:\/\/mordorswiss.com\/#website\",\"url\":\"https:\/\/mordorswiss.com\/\",\"name\":\"Mordor Swiss Official\",\"description\":\"Only Dark is Absolute\",\"potentialAction\":[{\"@type\":\"SearchAction\",\"target\":\"https:\/\/mordorswiss.com\/?s={search_term_string}\",\"query-input\":\"required name=search_term_string\"}],\"inLanguage\":\"fr-FR\"},{\"@type\":\"WebPage\",\"@id\":\"https:\/\/mordorswiss.com\/index.php\/videos\/#webpage\",\"url\":\"https:\/\/mordorswiss.com\/index.php\/videos\/\",\"name\":\"Videos - Mordor Swiss Official\",\"isPartOf\":{\"@id\":\"https:\/\/mordorswiss.com\/#website\"},\"datePublished\":\"2019-09-24T20:31:27+00:00\",\"dateModified\":\"2022-01-26T07:46:01+00:00\",\"breadcrumb\":{\"@id\":\"https:\/\/mordorswiss.com\/index.php\/videos\/#breadcrumb\"},\"inLanguage\":\"fr-FR\",\"potentialAction\":[{\"@type\":\"ReadAction\",\"target\":[\"https:\/\/mordorswiss.com\/index.php\/videos\/\"]}]},{\"@type\":\"BreadcrumbList\",\"@id\":\"https:\/\/mordorswiss.com\/index.php\/videos\/#breadcrumb\",\"itemListElement\":[{\"@type\":\"ListItem\",\"position\":1,\"item\":{\"@type\":\"WebPage\",\"@id\":\"https:\/\/mordorswiss.com\/\",\"url\":\"https:\/\/mordorswiss.com\/\",\"name\":\"Accueil\"}},{\"@type\":\"ListItem\",\"position\":2,\"item\":{\"@id\":\"https:\/\/mordorswiss.com\/index.php\/videos\/#webpage\"}}]}]}<\/script>\n<!-- \/ Yoast SEO plugin. -->","_links":{"self":[{"href":"https:\/\/mordorswiss.com\/index.php\/wp-json\/wp\/v2\/pages\/553"}],"collection":[{"href":"https:\/\/mordorswiss.com\/index.php\/wp-json\/wp\/v2\/pages"}],"about":[{"href":"https:\/\/mordorswiss.com\/index.php\/wp-json\/wp\/v2\/types\/page"}],"author":[{"embeddable":true,"href":"https:\/\/mordorswiss.com\/index.php\/wp-json\/wp\/v2\/users\/1"}],"replies":[{"embeddable":true,"href":"https:\/\/mordorswiss.com\/index.php\/wp-json\/wp\/v2\/comments?post=553"}],"version-history":[{"count":13,"href":"https:\/\/mordorswiss.com\/index.php\/wp-json\/wp\/v2\/pages\/553\/revisions"}],"predecessor-version":[{"id":1037,"href":"https:\/\/mordorswiss.com\/index.php\/wp-json\/wp\/v2\/pages\/553\/revisions\/1037"}],"wp:attachment":[{"href":"https:\/\/mordorswiss.com\/index.php\/wp-json\/wp\/v2\/media?parent=553"}],"curies":[{"name":"wp","href":"https:\/\/api.w.org\/{rel}","templated":true}]}}