{"id":537,"date":"2019-09-24T11:53:43","date_gmt":"2019-09-24T09:53:43","guid":{"rendered":"https:\/\/mordorswiss.com\/?page_id=537"},"modified":"2020-05-22T10:50:09","modified_gmt":"2020-05-22T08:50:09","slug":"reviews","status":"publish","type":"page","link":"https:\/\/mordorswiss.com\/index.php\/reviews\/","title":{"rendered":"Reviews"},"content":{"rendered":"\n<h4 class=\"wp-block-heading\">Here is a new review of the split with Bunkur released by Nuclear War Now! finally in 2017\/2018, after years of work. If the reviewer has some laudatory comments and appreciates Mordor&rsquo;s contribution after initial doubts, he has serious concerns about Bunkur&rsquo;s one. For our part, we really like the musical radicalism of this post-doom band.<\/h4>\n\n\n\n<p><strong><em>Swiss legends Mordor put out their first new material in God knows how long and it&rsquo;s really quite something.<\/em><\/strong><\/p>\n\n\n\n<p>\u201cMartial beats, synthetic fanfares, generally symphonic pomp heavy on the brass section, overwhelmingly campy marching music crooning dripping with pathos, all with Mordor&rsquo;s signature spine-chilling guitar tone cutting through it all, it is just so perfect and completely infectuous. The kind of song you could listen to a thousand times and never get bored of it.\u201d<\/p>\n\n\n\n<h3 class=\"wp-block-heading\"><a href=\"https:\/\/www.metal-archives.com\/reviews\/Mordor\/Bunkur_-_Mordor\/681790\/?fbclid=IwAR3BgDCvS39sXly4xls_K4fur4wXzoyVe3x6EOCsvJVDtXZqH14jTMeyx70\" target=\"_blank\" rel=\"noopener noreferrer\">metal-archives.com<\/a><\/h3>\n\n\n\n<hr class=\"wp-block-separator\"\/>\n\n\n\n<h4 class=\"wp-block-heading\">FR\/ENG Review &#8211; L&rsquo;accro du Scribe &#8211; MORDOR\/BUNKUR SPLIT &#8211; 2017 NUCLEAR WAR NOW &#8211; Torture DOOM Drone DARK Ambient FUNERAL DOOM \n<\/h4>\n\n\n\n<p>  \u201cThus of Mordor, ignoble individuals handling Black Metal, Funeral Doom by letting it macerate in a Dark Ambient Industrial juice. You are told of people who are not good ones to meet !  <br> These henchmen from Sauron and Saruman took the basis of Venom&rsquo;s \u00ab\u00a0In League With Satan\u00a0\u00bb, the emblematic track from their first album \u00ab\u00a0Welcome To Hell\u00a0\u00bb in 1981 and inserted it into a filthy music putrefaction machine from which it emerged as an unidentified object of martial and ambient music, with some hints of Laibach&rsquo;s friends on an old Funeral Doom background in the cemeteries&#8230; \u201d <\/p>\n\n\n\n<h3 class=\"wp-block-heading\"><a href=\"https:\/\/www.webzinelescribedurock.com\/2019\/11\/freng-review-laccro-du-scribe.html\" target=\"_blank\" rel=\"noopener noreferrer\">www.webzinelescribedurock.com<\/a><\/h3>\n\n\n\n<hr class=\"wp-block-separator\"\/>\n\n\n\n<h4 class=\"wp-block-heading\">Review of the split Bunkur\/Mordor released by Nuclear War Now! in 2017\/2018, by Blackened Death Metal Zine.<\/h4>\n\n\n\n<p> \u201cIn  my  opinion  Mordor  are  a  very  great  sounding  experimental   mixture  of  black,  funeral  doom  metal,  industrial  and  ambient   and  if  you  are  a  fan  of  those  musical  genres,  you  should   check  out  this  band.\u201d <\/p>\n\n\n\n<h3 class=\"wp-block-heading\"><a href=\"https:\/\/bringerofdeathzine.blogspot.com\/2018\/01\/is-review-of-split-album-between.html?fbclid=IwAR0j__Ddq-P9ngtMCx8E366zUF8wQkzA3BQBXTHyNCVBKIHrsIU-IP4IZQg\" target=\"_blank\" rel=\"noopener noreferrer\">bringerofdeathzine.blogspot.com<\/a><\/h3>\n\n\n\n<hr class=\"wp-block-separator\"\/>\n\n\n\n<h4 class=\"wp-block-heading\">Review by This Noise is Ours of the split Bunkur\/Mordor released in 2017\/18 by Nuclear War Now!\n<\/h4>\n\n\n\n<p>\u201cThis split is clearly the work of two bands that both have singular visions of how extreme music should be and for that reason, it is very engaging, though still a hard listen. Fans of the previous work of both Bunkur and Mordor, as well as that of Nuclear War Now! Productions will enjoy this for sure. Less adventurous metal fans might not.\u201d<br><br> In reply to a comment, we renamed Venom&rsquo;s song \u201cIn League with Satan\u201d as \u201cIn League with Wotan\u201d for several reasons: <br>1.This is not merely a cover, but a re-creation deconstructing the original structure and foundational building blocks of the track to create an extended composition with additional sections, and a new narrative based on \u00d3\u00f0inn&rsquo;s gnostic quest of knowledge, such as his ordeal mentioned in the Eddic poem H\u00e1vam\u00e1l leading him to the seizing of the runes. <br>2. Reference is made to Wagner&rsquo;s <em>Der Ring des Nibelungen<\/em> in our piece, with for instance the use in a musical part of a leitmotif taken from his monumental Tetralogy. For reasons of assonance with Venom&rsquo;s title, \u201cWotan\u201d, one of the leading characters in the opera cycle, was preferred to \u201cOdin\u201d.<\/p>\n\n\n\n<h3 class=\"wp-block-heading\"><a href=\"http:\/\/www.thisnoiseisours.com\/2018\/03\/bunkurmordor-split.html?fbclid=IwAR2RJZgXKhY8ETcMu4FC6O2LAPSyTUWjdHh3MCV4j3fSTu21mlbnlOT-zvw\" target=\"_blank\" rel=\"noopener noreferrer\">thisnoiseisours.com<\/a><\/h3>\n\n\n\n<hr class=\"wp-block-separator\"\/>\n\n\n\n<h4 class=\"wp-block-heading\">Mordor turn Venom&rsquo;s  \u201cIn League With Satan\u201d  from a punchy fucked up rocker to a tortured doom metal epic that will make you question your sanity, even going so far as to redub it  \u201cIn League With Wotan\u201d .<\/h4>\n\n\n\n<h3 class=\"wp-block-heading\"><a href=\"http:\/\/www.twoguysmetalreviews.com\/2017\/11\/bunkurmordor-split.html?fbclid=IwAR3wc9VO2wy3PIE-IEAHPySP2xXR7WUzXqio0JTWH6E5UUDVy0e5dd8oaZo\" target=\"_blank\" rel=\"noopener noreferrer\">twoguysmetalreviews.com<\/a><\/h3>\n\n\n\n<hr class=\"wp-block-separator\"\/>\n\n\n\n<h4 class=\"wp-block-heading\">Rave review in French of the split Bunkur\/Mordor released by Nuclear War Now!, by Hans Cany for the webzine REQUIEM : Dark Music, Arts &amp; Culture.<\/h4>\n\n\n\n<h3 class=\"wp-block-heading\"><a href=\"https:\/\/requiemwebzine.blogspot.com\/2018\/01\/bunkur-mordor-split-cd-2017-chronique.html?fbclid=IwAR1WBFknbhAn7xfNcsGsleKy73PZ4HqtuwOYV-G-KbNJWhRT-iuhMyC-86A\" target=\"_blank\" rel=\"noopener noreferrer\">requiemwebzine.blogspot.com<\/a><\/h3>\n\n\n\n<hr class=\"wp-block-separator\"\/>\n\n\n\n<h4 class=\"wp-block-heading\">A very pertinent comparative review of Mordor&rsquo;s <em>Csejthe<\/em> (1992) and Von&rsquo;s <em>Satanic Blood<\/em> (1992) by Hate Meditations, \u201carmchair rhetoric on extreme metal\u201d. There are also other valuable comparative reviews and meditations on extreme metal which are worth reading. <\/h4>\n\n\n\n<p>\u201cMordor sits well beyond the shadow of Pluto on the very edge of the sun\u2019s orbit, not through blast beats and unrelenting distortion, but through being nightmarishly creepy. Enough familiar features of music are dangled before the listener only to be distorted, disfigured, mutilated. Like rewriting a child\u2019s dreams and fantasies, turning them into something beyond fear. Maybe I didn\u2019t talk it up enough in the above analysis, because as music it seems to rearrange your psyche at the sub-atomic level. I\u2019ll let you decide if that\u2019s a recommendation or not.\u201d<\/p>\n\n\n\n<h3 class=\"wp-block-heading\"><a href=\"https:\/\/hatemeditations.wordpress.com\/2019\/03\/12\/whats-under-this-rock-mordor-and-von\/?fbclid=IwAR2-NX6AeEQNqSYjc0mg-6lRBhidyca-FMYX15wjAgg2yVmndEZEr5ZkVqU\" target=\"_blank\" rel=\"noopener noreferrer\">hatemeditations.wordpress.com<\/a><\/h3>\n\n\n\n<hr class=\"wp-block-separator\"\/>\n\n\n\n<h4 class=\"wp-block-heading\">2 great reviews of ODES on metalmusicarchives\n<\/h4>\n\n\n\n<p> \u201c&#8230;Recommended for those who love to investigate the origins of the funeral doom metal sound and who crave the lo-fi errancy of the metal underground&#8230;\u201d <br><br> \u201cThe atmospheric dark ambience also brings Burzum\u2019s later work to mind but these three tracks are far more devastating to the human psyche than anything Varg Vikernes could ever conjure up&#8230;\u201d <\/p>\n\n\n\n<h3 class=\"wp-block-heading\"><a href=\"http:\/\/www.metalmusicarchives.com\/album\/mordor(switzerland)\/odes(demo)?fbclid=IwAR3EgHLbZlqR_N5Rk0aYfe8R4VzRpn4qqlQchtXcJOAqePbn6nxVTvSN8MM\" target=\"_blank\" rel=\"noopener noreferrer\">metalmusicarchives.com<\/a><\/h3>\n","protected":false},"excerpt":{"rendered":"<div class=\"mh-excerpt\"><p>Here is a new review of the split with Bunkur released by Nuclear War Now! finally in 2017\/2018, after years of work. If the reviewer <a class=\"mh-excerpt-more\" href=\"https:\/\/mordorswiss.com\/index.php\/reviews\/\" title=\"Reviews\">[&#8230;]<\/a><\/p>\n<\/div>","protected":false},"author":1,"featured_media":0,"parent":0,"menu_order":60,"comment_status":"closed","ping_status":"closed","template":"","meta":{"footnotes":""},"yoast_head":"<!-- This site is optimized with the Yoast SEO plugin v16.2 - https:\/\/yoast.com\/wordpress\/plugins\/seo\/ -->\n<title>Reviews - Mordor Swiss Official<\/title>\n<meta name=\"robots\" content=\"index, follow, max-snippet:-1, max-image-preview:large, max-video-preview:-1\" \/>\n<link rel=\"canonical\" href=\"https:\/\/mordorswiss.com\/index.php\/reviews\/\" \/>\n<meta property=\"og:locale\" content=\"fr_FR\" \/>\n<meta property=\"og:type\" content=\"article\" \/>\n<meta property=\"og:title\" content=\"Reviews - Mordor Swiss Official\" \/>\n<meta property=\"og:description\" content=\"Here is a new review of the split with Bunkur released by Nuclear War Now! finally in 2017\/2018, after years of work. If the reviewer [...]\" \/>\n<meta property=\"og:url\" content=\"https:\/\/mordorswiss.com\/index.php\/reviews\/\" \/>\n<meta property=\"og:site_name\" content=\"Mordor Swiss Official\" \/>\n<meta property=\"article:modified_time\" content=\"2020-05-22T08:50:09+00:00\" \/>\n<meta name=\"twitter:card\" content=\"summary_large_image\" \/>\n<meta name=\"twitter:label1\" content=\"Dur\u00e9e de lecture est.\">\n\t<meta name=\"twitter:data1\" content=\"4 minutes\">\n<script type=\"application\/ld+json\" class=\"yoast-schema-graph\">{\"@context\":\"https:\/\/schema.org\",\"@graph\":[{\"@type\":\"WebSite\",\"@id\":\"https:\/\/mordorswiss.com\/#website\",\"url\":\"https:\/\/mordorswiss.com\/\",\"name\":\"Mordor Swiss Official\",\"description\":\"Only Dark is Absolute\",\"potentialAction\":[{\"@type\":\"SearchAction\",\"target\":\"https:\/\/mordorswiss.com\/?s={search_term_string}\",\"query-input\":\"required name=search_term_string\"}],\"inLanguage\":\"fr-FR\"},{\"@type\":\"WebPage\",\"@id\":\"https:\/\/mordorswiss.com\/index.php\/reviews\/#webpage\",\"url\":\"https:\/\/mordorswiss.com\/index.php\/reviews\/\",\"name\":\"Reviews - Mordor Swiss Official\",\"isPartOf\":{\"@id\":\"https:\/\/mordorswiss.com\/#website\"},\"datePublished\":\"2019-09-24T09:53:43+00:00\",\"dateModified\":\"2020-05-22T08:50:09+00:00\",\"breadcrumb\":{\"@id\":\"https:\/\/mordorswiss.com\/index.php\/reviews\/#breadcrumb\"},\"inLanguage\":\"fr-FR\",\"potentialAction\":[{\"@type\":\"ReadAction\",\"target\":[\"https:\/\/mordorswiss.com\/index.php\/reviews\/\"]}]},{\"@type\":\"BreadcrumbList\",\"@id\":\"https:\/\/mordorswiss.com\/index.php\/reviews\/#breadcrumb\",\"itemListElement\":[{\"@type\":\"ListItem\",\"position\":1,\"item\":{\"@type\":\"WebPage\",\"@id\":\"https:\/\/mordorswiss.com\/\",\"url\":\"https:\/\/mordorswiss.com\/\",\"name\":\"Accueil\"}},{\"@type\":\"ListItem\",\"position\":2,\"item\":{\"@id\":\"https:\/\/mordorswiss.com\/index.php\/reviews\/#webpage\"}}]}]}<\/script>\n<!-- \/ Yoast SEO plugin. -->","_links":{"self":[{"href":"https:\/\/mordorswiss.com\/index.php\/wp-json\/wp\/v2\/pages\/537"}],"collection":[{"href":"https:\/\/mordorswiss.com\/index.php\/wp-json\/wp\/v2\/pages"}],"about":[{"href":"https:\/\/mordorswiss.com\/index.php\/wp-json\/wp\/v2\/types\/page"}],"author":[{"embeddable":true,"href":"https:\/\/mordorswiss.com\/index.php\/wp-json\/wp\/v2\/users\/1"}],"replies":[{"embeddable":true,"href":"https:\/\/mordorswiss.com\/index.php\/wp-json\/wp\/v2\/comments?post=537"}],"version-history":[{"count":18,"href":"https:\/\/mordorswiss.com\/index.php\/wp-json\/wp\/v2\/pages\/537\/revisions"}],"predecessor-version":[{"id":960,"href":"https:\/\/mordorswiss.com\/index.php\/wp-json\/wp\/v2\/pages\/537\/revisions\/960"}],"wp:attachment":[{"href":"https:\/\/mordorswiss.com\/index.php\/wp-json\/wp\/v2\/media?parent=537"}],"curies":[{"name":"wp","href":"https:\/\/api.w.org\/{rel}","templated":true}]}}