{"id":462,"date":"2019-09-19T16:15:39","date_gmt":"2019-09-19T14:15:39","guid":{"rendered":"https:\/\/mordorswiss.com\/?page_id=462"},"modified":"2020-06-07T18:00:30","modified_gmt":"2020-06-07T16:00:30","slug":"index-of-articles","status":"publish","type":"page","link":"https:\/\/mordorswiss.com\/index.php\/index-of-articles\/","title":{"rendered":"Index of Articles"},"content":{"rendered":"\n<h3 class=\"wp-block-heading\">A B C<\/h3>\n\n\n\n<h3 class=\"wp-block-heading\">D<br><a href=\"https:\/\/mordorswiss.com\/index.php\/2018\/10\/03\/daudi-baldrs-ins-goda\/\">Dau\u00f0i Baldrs ins G\u00f3\u00f0a \u2013 Funeral March (2007)<\/a><br><a href=\"https:\/\/mordorswiss.com\/index.php\/2019\/09\/27\/death-is-a-spiral-funeral-march-2007\/\">Death is a Spiral \u2013 Funeral March (2007)<\/a><br><a href=\"https:\/\/mordorswiss.com\/index.php\/2019\/03\/03\/der-ritt-auf-dem-tiger-live-at-cinema-oblo-2008\/\">Der Ritt auf dem Tiger \u2013 Live at Cinema Oblo (2008)<\/a><\/h3>\n\n\n\n<h3 class=\"wp-block-heading\">E<\/h3>\n\n\n\n<h3 class=\"wp-block-heading\">F<br><a href=\"https:\/\/mordorswiss.com\/index.php\/2019\/05\/03\/first-birth-of-the-cruel-nymph-csejthe-19921995\/\">First Birth of the Cruel Nymph \u2013 Csejthe (1992\/1995)<\/a><\/h3>\n\n\n\n<h3 class=\"wp-block-heading\">G H I J K<\/h3>\n\n\n\n<h3 class=\"wp-block-heading\">L<br><a href=\"https:\/\/mordorswiss.com\/index.php\/2019\/10\/17\/les-armees-de-sauron-1997-samain-live-act\/\">Les Arm\u00e9es de Sauron \u2013 1997 Samain Live Act<\/a><\/h3>\n\n\n\n<h3 class=\"wp-block-heading\">M N O P Q R<\/h3>\n\n\n\n<h3 class=\"wp-block-heading\">S<br><a href=\"https:\/\/mordorswiss.com\/index.php\/2017\/11\/21\/split-mordor-bunkur\/\">Split with Bunkur&nbsp;!<\/a><\/h3>\n\n\n\n<h3 class=\"wp-block-heading\">T<br><a href=\"https:\/\/mordorswiss.com\/index.php\/2020\/06\/07\/t-shirt-life-is-nothing-2020-reissue\/\">T-shirt \u201cLife is Nothing\u201d \u2013 2020 reissue<\/a>\n<br><a href=\"https:\/\/mordorswiss.com\/index.php\/2019\/05\/11\/t-shirt-only-dark-is-absolute\/\">T-Shirt \u201c\u2026Only Dark is Absolute!\u201d<\/a><br><a href=\"https:\/\/mordorswiss.com\/index.php\/2019\/01\/03\/the-black-priestess-of-kali-live-at-dolce-vita-1997\/\">The Black Priestess of K\u0101l\u012b \u2013 Live at La Dolce Vita (1997)<\/a><br><a href=\"https:\/\/mordorswiss.com\/index.php\/2020\/05\/09\/the-temple-of-the-other-gods-live-at-cinema-oblo-013-poppodium-2008\/\">The Temple of the Other Gods \u2013 Live at Cinema Oblo &amp; 013 Poppodium (2008)<\/a><br><a href=\"https:\/\/mordorswiss.com\/index.php\/2019\/04\/14\/the-way-of-nihilism-thematic-sampler-1993\/\">The Way of Nihilism \u2013 Thematic compilation (1993)<\/a><br><a href=\"https:\/\/mordorswiss.com\/index.php\/2018\/09\/08\/two-castles-in-black\/\">Two Castles in Black &#8211; 1993<\/a><\/h3>\n\n\n\n<h3 class=\"wp-block-heading\">U<br><a href=\"https:\/\/mordorswiss.com\/index.php\/2020\/02\/18\/urzeit-live-at-la-dolce-vita-1997-part-i\/\">Urzeit \u2013 Live at La Dolce Vita (1997) Part I<\/a><br><a href=\"https:\/\/mordorswiss.com\/index.php\/2020\/03\/17\/urzeit-live-at-la-dolce-vita-1997-part-ii\/\">Urzeit \u2013 Live at La Dolce Vita (1997) Part II<\/a> <\/h3>\n\n\n\n<h3 class=\"wp-block-heading\">V W X Y Z<\/h3>\n","protected":false},"excerpt":{"rendered":"<div class=\"mh-excerpt\"><p>A B C DDau\u00f0i Baldrs ins G\u00f3\u00f0a \u2013 Funeral March (2007)Death is a Spiral \u2013 Funeral March (2007)Der Ritt auf dem Tiger \u2013 Live at <a class=\"mh-excerpt-more\" href=\"https:\/\/mordorswiss.com\/index.php\/index-of-articles\/\" title=\"Index of Articles\">[&#8230;]<\/a><\/p>\n<\/div>","protected":false},"author":1,"featured_media":0,"parent":0,"menu_order":40,"comment_status":"closed","ping_status":"closed","template":"","meta":{"footnotes":""},"yoast_head":"<!-- This site is optimized with the Yoast SEO plugin v16.2 - https:\/\/yoast.com\/wordpress\/plugins\/seo\/ -->\n<title>Index of Articles - Mordor Swiss Official<\/title>\n<meta name=\"robots\" content=\"index, follow, max-snippet:-1, max-image-preview:large, max-video-preview:-1\" \/>\n<link rel=\"canonical\" href=\"https:\/\/mordorswiss.com\/index.php\/index-of-articles\/\" \/>\n<meta property=\"og:locale\" content=\"fr_FR\" \/>\n<meta property=\"og:type\" content=\"article\" \/>\n<meta property=\"og:title\" content=\"Index of Articles - Mordor Swiss Official\" \/>\n<meta property=\"og:description\" content=\"A B C DDau\u00f0i Baldrs ins G\u00f3\u00f0a \u2013 Funeral March (2007)Death is a Spiral \u2013 Funeral March (2007)Der Ritt auf dem Tiger \u2013 Live at [...]\" \/>\n<meta property=\"og:url\" content=\"https:\/\/mordorswiss.com\/index.php\/index-of-articles\/\" \/>\n<meta property=\"og:site_name\" content=\"Mordor Swiss Official\" \/>\n<meta property=\"article:modified_time\" content=\"2020-06-07T16:00:30+00:00\" \/>\n<meta name=\"twitter:card\" content=\"summary_large_image\" \/>\n<meta name=\"twitter:label1\" content=\"Dur\u00e9e de lecture est.\">\n\t<meta name=\"twitter:data1\" content=\"1 minute\">\n<script type=\"application\/ld+json\" class=\"yoast-schema-graph\">{\"@context\":\"https:\/\/schema.org\",\"@graph\":[{\"@type\":\"WebSite\",\"@id\":\"https:\/\/mordorswiss.com\/#website\",\"url\":\"https:\/\/mordorswiss.com\/\",\"name\":\"Mordor Swiss Official\",\"description\":\"Only Dark is Absolute\",\"potentialAction\":[{\"@type\":\"SearchAction\",\"target\":\"https:\/\/mordorswiss.com\/?s={search_term_string}\",\"query-input\":\"required name=search_term_string\"}],\"inLanguage\":\"fr-FR\"},{\"@type\":[\"WebPage\",\"CollectionPage\"],\"@id\":\"https:\/\/mordorswiss.com\/index.php\/index-of-articles\/#webpage\",\"url\":\"https:\/\/mordorswiss.com\/index.php\/index-of-articles\/\",\"name\":\"Index of Articles - Mordor Swiss Official\",\"isPartOf\":{\"@id\":\"https:\/\/mordorswiss.com\/#website\"},\"datePublished\":\"2019-09-19T14:15:39+00:00\",\"dateModified\":\"2020-06-07T16:00:30+00:00\",\"breadcrumb\":{\"@id\":\"https:\/\/mordorswiss.com\/index.php\/index-of-articles\/#breadcrumb\"},\"inLanguage\":\"fr-FR\",\"potentialAction\":[{\"@type\":\"ReadAction\",\"target\":[\"https:\/\/mordorswiss.com\/index.php\/index-of-articles\/\"]}]},{\"@type\":\"BreadcrumbList\",\"@id\":\"https:\/\/mordorswiss.com\/index.php\/index-of-articles\/#breadcrumb\",\"itemListElement\":[{\"@type\":\"ListItem\",\"position\":1,\"item\":{\"@type\":\"WebPage\",\"@id\":\"https:\/\/mordorswiss.com\/\",\"url\":\"https:\/\/mordorswiss.com\/\",\"name\":\"Accueil\"}},{\"@type\":\"ListItem\",\"position\":2,\"item\":{\"@id\":\"https:\/\/mordorswiss.com\/index.php\/index-of-articles\/#webpage\"}}]}]}<\/script>\n<!-- \/ Yoast SEO plugin. -->","_links":{"self":[{"href":"https:\/\/mordorswiss.com\/index.php\/wp-json\/wp\/v2\/pages\/462"}],"collection":[{"href":"https:\/\/mordorswiss.com\/index.php\/wp-json\/wp\/v2\/pages"}],"about":[{"href":"https:\/\/mordorswiss.com\/index.php\/wp-json\/wp\/v2\/types\/page"}],"author":[{"embeddable":true,"href":"https:\/\/mordorswiss.com\/index.php\/wp-json\/wp\/v2\/users\/1"}],"replies":[{"embeddable":true,"href":"https:\/\/mordorswiss.com\/index.php\/wp-json\/wp\/v2\/comments?post=462"}],"version-history":[{"count":19,"href":"https:\/\/mordorswiss.com\/index.php\/wp-json\/wp\/v2\/pages\/462\/revisions"}],"predecessor-version":[{"id":1012,"href":"https:\/\/mordorswiss.com\/index.php\/wp-json\/wp\/v2\/pages\/462\/revisions\/1012"}],"wp:attachment":[{"href":"https:\/\/mordorswiss.com\/index.php\/wp-json\/wp\/v2\/media?parent=462"}],"curies":[{"name":"wp","href":"https:\/\/api.w.org\/{rel}","templated":true}]}}