{"id":39,"date":"2017-11-21T12:08:32","date_gmt":"2017-11-21T11:08:32","guid":{"rendered":"http:\/\/mordorswiss.com\/?page_id=39"},"modified":"2020-05-29T18:34:58","modified_gmt":"2020-05-29T16:34:58","slug":"about-us","status":"publish","type":"page","link":"https:\/\/mordorswiss.com\/index.php\/about-us\/","title":{"rendered":"Biography"},"content":{"rendered":"<div class=\"clearfix _ikh\">\n<div class=\"_4bl9\">\n<p><img loading=\"lazy\" decoding=\"async\" class=\"alignnone wp-image-42 size-full\" style=\"font-size: 1rem;\" src=\"https:\/\/mordorswiss.com\/wp-content\/uploads\/2017\/11\/mordor_forest.jpg\" alt=\"\" width=\"800\" height=\"531\" srcset=\"https:\/\/mordorswiss.com\/wp-content\/uploads\/2017\/11\/mordor_forest.jpg 800w, https:\/\/mordorswiss.com\/wp-content\/uploads\/2017\/11\/mordor_forest-300x199.jpg 300w, https:\/\/mordorswiss.com\/wp-content\/uploads\/2017\/11\/mordor_forest-768x510.jpg 768w\" sizes=\"(max-width: 800px) 100vw, 800px\" \/><\/p>\n<\/div>\n<div class=\"_4bl9\">\n<p class=\"p1\"><span class=\"s1\"><strong>Biography<\/strong><\/span><\/p>\n<p><span class=\"s1\">Formed in Switzerland in 1990 from the ashes of the blackcore group Ar\u00f6g (1987-1990) by Scorh Anyroth and Dam Gomhory, Mordor was an <\/span>endeavour to explore some gloomy territories, a <em>terra incognita<\/em>, that only few bands did it. At the beginning, Mordor started by playing a dark minimalistic, ambient doomy music. They continued in merging it with black\/death\/doom primal metal and industrial neoclassical experimental music, but always with the same leading and characteristic slow tempo. Based upon different myths and archetypes as well as ancient gnosis and esotericism, the work of Mordor is not only musical but really a quest beyond the usual view of the world and man.<\/p>\n<p class=\"p1\"><span class=\"s1\">In November 1990, <\/span>as a result of an intense experience related to a magical working, the very first recording <a href=\"https:\/\/mordorswiss.com\/index.php\/discography\/odes-demo-1990\/\"><em>Odes<\/em><\/a> was produced, a 56-minute length release made of three pieces. Using repetitive and minimalistic beats, black\/death metal vocals with only a few words, lo-fi synthesizer, over-effected guitar sound and a dark and threatening tempo, it clearly appeared that the purpose was not to make conventional music but to create an atmosphere useful for travelling to other worlds and to communicate with incorporeal entities. The song named \u201cDark Throne of Blasphemous Evil\u201d influenced by the Lovecraftian mythology was even considered by some people as one of the foundation stones of funeral doom metal.<\/p>\n<p class=\"p1\"><span class=\"s1\">In 1991, <\/span>Mordor recorded \u201cBlack Roses from the Dawn of Chaos\u201d, a 11-minute length song still using the same pattern than <em>Odes<\/em> but in a different mood. This piece stood on a <a href=\"https:\/\/mordorswiss.com\/index.php\/discography\/arogmordorg-o-r-a-compilation-1991\/\">compilation<\/a> with some earlier pieces of Ar\u00f6g and G.O.R.A., an extreme side-project based on grind\/noisecore, power electronics, and industrial music.<\/p>\n<p class=\"p1\"><span class=\"s1\">In 1992, with <a href=\"https:\/\/mordorswiss.com\/index.php\/discography\/csejthe-demo-1992\/\"><em>Csejthe<\/em><\/a>, <\/span>another path was followed to express blackness: the blackened doom metal basis merged with the epic industrial sound of bands such as Laibach and Foetus, and with the spirit of some gothic rock bands. In spite of being recorded as a demo, this innovative release received some interest, and in April 1992, the Californian label Wild Rags Records produced a <a href=\"https:\/\/mordorswiss.com\/index.php\/discography\/csejthe-odes-tape-1992\/\">retrospective<\/a> including <em>Csejthe<\/em>, two pieces of <em>Odes<\/em> and \u201cBlack Roses from the Dawn Of Chaos\u201d.<\/p>\n<p class=\"p1\"><span class=\"s1\">In collaboration with Swiss experimental project Art\u2019Sneider, <\/span>the thematic compilation <a href=\"https:\/\/mordorswiss.com\/index.php\/2019\/04\/14\/the-way-of-nihilism-thematic-sampler-1993\/\"><i>The Way of Nihilism<\/i><\/a> was released in early 1993. Exploring through sound different definitions of nihilism, this release was soon completely sold out and considered by some people a \u201cpeak in the dark post-modern art\u201d. Besides a new Mordor\u2019 song named \u201cIn Search of the Pure Negation\u201d, this compilation included several side-projects such as G.O.R.A., Odessa, Vorsaken, Cult of Noise, all related to Mordor.<\/p>\n<p class=\"p1\"><span class=\"s1\">Later, <\/span>Mordor recorded the track \u201c<a href=\"https:\/\/mordorswiss.com\/index.php\/2018\/09\/08\/two-castles-in-black\/\">Two Castles in Black<\/a>\u201d, a partial return to the <em>Odes<\/em> style, which was used for the compilation <a href=\"https:\/\/mordorswiss.com\/index.php\/discography\/and-forget-split-1993\/\"><em>And Forget\u2026<\/em><\/a> issued by the French association Incense in October 1993.<\/p>\n<p class=\"p1\"><span class=\"s1\">For the Dutch label Shivadarshana Records an unnamed <a href=\"https:\/\/mordorswiss.com\/index.php\/discography\/7-picure-ep-1994\/\">picture 7\u201d<\/a> was conceived with two new tracks, \u201cLes Arm\u00e9es de Sauron\u201d and \u201cDark is the Future\u201d. <\/span>Both songs attempted to go farther than <em>Csejthe<\/em> in the merging of blackened doom metal, industrial rock and \u201cbarbaric\u201d neoclassical music, with a better production than the one of the previous records. The 7\u201d was finally released with some delay at the end of 1994.<\/p>\n<p class=\"p1\"><span class=\"s1\">In April 1994, for the compilation <em>Particules<\/em> released by Incense, a song named \u201cMah\u0101r\u0101tr\u012b\u201d and close to the abyssal spirit of <em>Odes<\/em> was recorded, inspired by the Hindu black goddess K\u0101l\u012b.<\/span><\/p>\n<p class=\"p1\"><span class=\"s1\">Due to the interest of Wild Rags Records, <em>Odes<\/em> and <em>Csejthe<\/em> were remixed to be reissued on CD format. The album <a href=\"https:\/\/mordorswiss.com\/index.php\/discography\/odes-1995\/\"><em>Odes<\/em><\/a> included the three original songs and \u201cBlack Roses From The Dawn Of Chaos\u201d, whereas \u201cIn Search Of The Pure Negation\u201d and a new song \u201cAgony: The Ascent of the Mountain\u201d were added as bonus tracks to the album\u00a0<a href=\"https:\/\/mordorswiss.com\/index.php\/discography\/csejthe-1995\/\"><em>Csejthe<\/em><\/a>. Both were available in the middle of 1995.<\/span><\/p>\n<p class=\"p1\"><span class=\"s1\">In Mars 1995, <\/span>Mordor did their first live act in Limoges in France after the performance of Trom and Proton Burst, in a sort of subterranean cave. The ambient introduction piece of Mordor, \u201cPr\u00e9lude\u201d, was later used for <em>Germ<\/em>, another compilation tape released by Incense. This live act was very controversial due to some ignorant French media, mostly focusing on the macabre art installation created by an artist for this occasion.<\/p>\n<p class=\"p1\"><span class=\"s1\">During the year 1995-1996, <\/span>Mordor still forged an alloy made of blackened doom metal and heavy industrial grandiloquent music and worked on a third conceptual album, <em>Amors<\/em>, which was never completed because of a hard disk crash. The main title of this album was a 20-minute song called \u201cDomni\u0219oara Christina\u201d, inspired by the eponymous novel of the Romanian author Mircea Eliade. Of the recording sessions, only a temporary mix of the demo on analog tape survived. A live version of the track \u201c<a href=\"https:\/\/mordorswiss.com\/index.php\/2020\/02\/18\/urzeit-live-at-la-dolce-vita-1997-part-i\/\">Urzeit<\/a>\u201d recorded in 1997 can be heard on the web.<\/p>\n<p class=\"p1\"><span class=\"s1\">In spite of that, Mordor worked on a new live act for the particular time of Samain, the ancient Celtic Irish feast, in Neuch\u00e2tel, Switzerland, on November the 1st 1997. After Proton Burst performance, Mordor in an extended line-up of six members played some old tracks such as \u201c<a href=\"https:\/\/mordorswiss.com\/index.php\/2019\/10\/17\/les-armees-de-sauron-1997-samain-live-act\/\">Les Arm\u00e9es de Sauron<\/a>\u201d as well as new material.<br \/>\n<\/span><\/p>\n<p class=\"p1\"><span class=\"s1\">In 1998, some members of Mordor, Jammertal, Exotoendo, Sacral I, Art\u2019Sneider and Aglaoph\u00e8me formed the Collectif Ea and conceived an audiovisual piece based on the life of the controversial Italian metaphysicist and philosopher Julius Evola. Mordor recorded the song \u201cChevaucher le Tigre\u201d (aka \u201c<a href=\"https:\/\/mordorswiss.com\/index.php\/2019\/03\/03\/der-ritt-auf-dem-tiger-live-at-cinema-oblo-2008\/\">Der Ritt auf dem Tiger<\/a>\u201d), inspired by the same book of the author and worked also on several parts of the piece <em>Julius Evola : Le Chemin du Cinabre<\/em>, which was presented in November in Geneva, Switzerland.<\/span><\/p>\n<p class=\"p1\"><span class=\"s1\">Within the year 1999, Mordor entered in a time of thought and extra-musical work; the line-up partially dismembered but the group never split-up. The surviving core, including Scorh, Dam and Seth, worked together on some new and old materials, mainly after 2003. But it was in late 2006 that a Swiss broadcast radio asked Mordor to record a song based on the first theme of the funeral march of Frederic Chopin. It was decided to link this theme with the funeral of the Norse god Baldr. The song named \u201c<a href=\"https:\/\/mordorswiss.com\/index.php\/2018\/10\/03\/daudi-baldrs-ins-goda\/\">Dau\u00f0i Baldrs ins G\u00f3\u00f0a<\/a>\u201d was broadcasted in April 2007. The track \u201cDeath is a Spiral\u201d was another reinterpretation of Chopin&rsquo;s funeral theme, but this time in a noise and martial industrial vein, based on the idea of \u201cdeath as an advisor\u201d found in Carlos Castaneda&rsquo;s books.<br \/>\n<\/span><\/p>\n<p class=\"p1\"><span class=\"s1\">In September 2008, <\/span>Mordor was invited to play in the Netherlands, at the festival \u201cAshes to Ashes \u2026 Doom to Dust III\u201d, with, in particular, Bunkur, Switchblade, Krux and My Dying Bride. This live act was the opportunity to pay homage to the king Redbad and the Great Frisia. To prepare this concert, Mordor played in August at Cinema Olb\u00f2 in Switzerland. The music video using the piece \u201c<a href=\"https:\/\/mordorswiss.com\/index.php\/2020\/05\/09\/the-temple-of-the-other-gods-live-at-cinema-oblo-013-poppodium-2008\/\">The Temple of the Other Gods<\/a>\u201d inspired by Lovecraft&rsquo;s short story <i>The Other Gods<\/i>, recorded live at Cinema Olb\u00f2, and including some footage of the two live acts, can be viewed on the Internet.<\/p>\n<p><img loading=\"lazy\" decoding=\"async\" class=\"alignnone wp-image-43 size-full\" style=\"font-size: 1rem;\" src=\"https:\/\/mordorswiss.com\/wp-content\/uploads\/2017\/11\/mordor_tillburg.jpg\" alt=\"\" width=\"600\" height=\"450\" srcset=\"https:\/\/mordorswiss.com\/wp-content\/uploads\/2017\/11\/mordor_tillburg.jpg 600w, https:\/\/mordorswiss.com\/wp-content\/uploads\/2017\/11\/mordor_tillburg-300x225.jpg 300w\" sizes=\"(max-width: 600px) 100vw, 600px\" \/><\/p>\n<p class=\"p1\"><span class=\"s1\">In the year 2010, <\/span>Mordor members worked on a music session called <i>Mass Murder for Christmas<\/i> for their extreme side-project G.O.R.A. This session will be used for a new thematic compilation to come, titled <em>The Way of Death<\/em>.<\/p>\n<p>In 2017, after several years in the making, a <a href=\"https:\/\/mordorswiss.com\/index.php\/2017\/11\/21\/split-mordor-bunkur\/\">split<\/a> with the Dutch extreme doom metal band Bunkur was released by the American label Nuclear War Now! First conceptualized in 2009, each band had to reinterpret in their own way a song from a classic metal band. If Bunkur chose Carnivore\u2019s \u201cThe Subhman\u201d from their first demo, Mordor\u2019s choice was to reinvent Venom\u2019s \u201cIn League with Satan\u201d, renaming it \u201cIn League with Wotan\u201d.<\/p>\n<\/div>\n<div class=\"_4bl9\">\n<p>Since then, Mordor work primarily on the reissue of the albums <i>Odes<\/i> and <i>Csejthe<\/i> for the labels Aesthetic Death, Nuclear War Now!, and Possession Productions. Several unreleased or rare tracks are made available on the Internet, as well as <a href=\"https:\/\/mordorswiss.com\/index.php\/index-of-articles\/\">notes<\/a> dealing with some of the concepts behind each song or T-shirt. In a reduced line-up, the band was involved in a live act in a Swiss mountainous region, Les Diablerets, in 2019, with Borgne and Diablerets.<\/p>\n<\/div>\n<p>&#8230;<\/p>\n<\/div>\n","protected":false},"excerpt":{"rendered":"<div class=\"mh-excerpt\"><p>Biography Formed in Switzerland in 1990 from the ashes of the blackcore group Ar\u00f6g (1987-1990) by Scorh Anyroth and Dam Gomhory, Mordor was an endeavour <a class=\"mh-excerpt-more\" href=\"https:\/\/mordorswiss.com\/index.php\/about-us\/\" title=\"Biography\">[&#8230;]<\/a><\/p>\n<\/div>","protected":false},"author":1,"featured_media":0,"parent":0,"menu_order":4,"comment_status":"closed","ping_status":"closed","template":"","meta":{"footnotes":""},"yoast_head":"<!-- This site is optimized with the Yoast SEO plugin v16.2 - https:\/\/yoast.com\/wordpress\/plugins\/seo\/ -->\n<title>Biography - Mordor Swiss Official<\/title>\n<meta name=\"robots\" content=\"index, follow, max-snippet:-1, max-image-preview:large, max-video-preview:-1\" \/>\n<link rel=\"canonical\" href=\"https:\/\/mordorswiss.com\/index.php\/about-us\/\" \/>\n<meta property=\"og:locale\" content=\"fr_FR\" \/>\n<meta property=\"og:type\" content=\"article\" \/>\n<meta property=\"og:title\" content=\"Biography - Mordor Swiss Official\" \/>\n<meta property=\"og:description\" content=\"Biography Formed in Switzerland in 1990 from the ashes of the blackcore group Ar\u00f6g (1987-1990) by Scorh Anyroth and Dam Gomhory, Mordor was an endeavour [...]\" \/>\n<meta property=\"og:url\" content=\"https:\/\/mordorswiss.com\/index.php\/about-us\/\" \/>\n<meta property=\"og:site_name\" content=\"Mordor Swiss Official\" \/>\n<meta property=\"article:modified_time\" content=\"2020-05-29T16:34:58+00:00\" \/>\n<meta property=\"og:image\" content=\"https:\/\/mordorswiss.com\/wp-content\/uploads\/2017\/11\/mordor_forest.jpg\" \/>\n<meta name=\"twitter:card\" content=\"summary_large_image\" \/>\n<meta name=\"twitter:label1\" content=\"Dur\u00e9e de lecture est.\">\n\t<meta name=\"twitter:data1\" content=\"7 minutes\">\n<script type=\"application\/ld+json\" class=\"yoast-schema-graph\">{\"@context\":\"https:\/\/schema.org\",\"@graph\":[{\"@type\":\"WebSite\",\"@id\":\"https:\/\/mordorswiss.com\/#website\",\"url\":\"https:\/\/mordorswiss.com\/\",\"name\":\"Mordor Swiss Official\",\"description\":\"Only Dark is Absolute\",\"potentialAction\":[{\"@type\":\"SearchAction\",\"target\":\"https:\/\/mordorswiss.com\/?s={search_term_string}\",\"query-input\":\"required name=search_term_string\"}],\"inLanguage\":\"fr-FR\"},{\"@type\":\"ImageObject\",\"@id\":\"https:\/\/mordorswiss.com\/index.php\/about-us\/#primaryimage\",\"inLanguage\":\"fr-FR\",\"url\":\"https:\/\/mordorswiss.com\/wp-content\/uploads\/2017\/11\/mordor_forest.jpg\",\"contentUrl\":\"https:\/\/mordorswiss.com\/wp-content\/uploads\/2017\/11\/mordor_forest.jpg\",\"width\":800,\"height\":531},{\"@type\":\"WebPage\",\"@id\":\"https:\/\/mordorswiss.com\/index.php\/about-us\/#webpage\",\"url\":\"https:\/\/mordorswiss.com\/index.php\/about-us\/\",\"name\":\"Biography - Mordor Swiss Official\",\"isPartOf\":{\"@id\":\"https:\/\/mordorswiss.com\/#website\"},\"primaryImageOfPage\":{\"@id\":\"https:\/\/mordorswiss.com\/index.php\/about-us\/#primaryimage\"},\"datePublished\":\"2017-11-21T11:08:32+00:00\",\"dateModified\":\"2020-05-29T16:34:58+00:00\",\"breadcrumb\":{\"@id\":\"https:\/\/mordorswiss.com\/index.php\/about-us\/#breadcrumb\"},\"inLanguage\":\"fr-FR\",\"potentialAction\":[{\"@type\":\"ReadAction\",\"target\":[\"https:\/\/mordorswiss.com\/index.php\/about-us\/\"]}]},{\"@type\":\"BreadcrumbList\",\"@id\":\"https:\/\/mordorswiss.com\/index.php\/about-us\/#breadcrumb\",\"itemListElement\":[{\"@type\":\"ListItem\",\"position\":1,\"item\":{\"@type\":\"WebPage\",\"@id\":\"https:\/\/mordorswiss.com\/\",\"url\":\"https:\/\/mordorswiss.com\/\",\"name\":\"Accueil\"}},{\"@type\":\"ListItem\",\"position\":2,\"item\":{\"@id\":\"https:\/\/mordorswiss.com\/index.php\/about-us\/#webpage\"}}]}]}<\/script>\n<!-- \/ Yoast SEO plugin. -->","_links":{"self":[{"href":"https:\/\/mordorswiss.com\/index.php\/wp-json\/wp\/v2\/pages\/39"}],"collection":[{"href":"https:\/\/mordorswiss.com\/index.php\/wp-json\/wp\/v2\/pages"}],"about":[{"href":"https:\/\/mordorswiss.com\/index.php\/wp-json\/wp\/v2\/types\/page"}],"author":[{"embeddable":true,"href":"https:\/\/mordorswiss.com\/index.php\/wp-json\/wp\/v2\/users\/1"}],"replies":[{"embeddable":true,"href":"https:\/\/mordorswiss.com\/index.php\/wp-json\/wp\/v2\/comments?post=39"}],"version-history":[{"count":44,"href":"https:\/\/mordorswiss.com\/index.php\/wp-json\/wp\/v2\/pages\/39\/revisions"}],"predecessor-version":[{"id":969,"href":"https:\/\/mordorswiss.com\/index.php\/wp-json\/wp\/v2\/pages\/39\/revisions\/969"}],"wp:attachment":[{"href":"https:\/\/mordorswiss.com\/index.php\/wp-json\/wp\/v2\/media?parent=39"}],"curies":[{"name":"wp","href":"https:\/\/api.w.org\/{rel}","templated":true}]}}