{"id":331,"date":"2019-09-09T18:53:55","date_gmt":"2019-09-09T16:53:55","guid":{"rendered":"http:\/\/mordorswiss.com\/?page_id=331"},"modified":"2020-05-22T10:37:50","modified_gmt":"2020-05-22T08:37:50","slug":"arogmordorg-o-r-a-compilation-1991","status":"publish","type":"page","link":"https:\/\/mordorswiss.com\/index.php\/discography\/arogmordorg-o-r-a-compilation-1991\/","title":{"rendered":"Ar\u00f6g\/Mordor\/G.O.R.A. Compilation (1991)"},"content":{"rendered":"<p><strong>Ar\u00f6g\/Mordor\/G.O.R.A. Compilation (1991)<\/strong><\/p>\n<p><img loading=\"lazy\" decoding=\"async\" class=\"alignnone wp-image-332 size-full\" src=\"http:\/\/mordorswiss.com\/wp-content\/uploads\/2019\/09\/compil_arog_mordor_gora.jpg\" alt=\"\" width=\"1280\" height=\"476\" srcset=\"https:\/\/mordorswiss.com\/wp-content\/uploads\/2019\/09\/compil_arog_mordor_gora.jpg 1280w, https:\/\/mordorswiss.com\/wp-content\/uploads\/2019\/09\/compil_arog_mordor_gora-300x112.jpg 300w, https:\/\/mordorswiss.com\/wp-content\/uploads\/2019\/09\/compil_arog_mordor_gora-768x286.jpg 768w, https:\/\/mordorswiss.com\/wp-content\/uploads\/2019\/09\/compil_arog_mordor_gora-1024x381.jpg 1024w\" sizes=\"(max-width: 1280px) 100vw, 1280px\" \/><\/p>\n<p>AROG<\/p>\n<ol>\n<li>Die<\/li>\n<li>Angels of God<\/li>\n<li>Rubbish Planet<\/li>\n<li>Hurlement<\/li>\n<li>Insanity<\/li>\n<li>Ave Tenebrae<\/li>\n<li>Fall into Hell<\/li>\n<\/ol>\n<p>MORDOR<\/p>\n<ol>\n<li>Black Roses from the Dawn of Chaos, dedicated to <span class=\"_5yl5\">T\u00ebn\u00ebbr\u00e2hl<\/span><\/li>\n<\/ol>\n<p>G.O.R.A.<\/p>\n<ol>\n<li>Dysentery &amp; Diarrhea<\/li>\n<li>Holocaust<\/li>\n<li>Hurelements<\/li>\n<li>Brouhaha<\/li>\n<li>Gora<\/li>\n<li>Burst<\/li>\n<li>Crematorium<\/li>\n<li>War<\/li>\n<li>War and Hate<\/li>\n<li>Chaotic Reign<\/li>\n<\/ol>\n<p class=\"p1\"><span class=\"s1\">The compilation Ar\u00f6g\/Mordor\/G.O.R.A. self-released in 1991 gathered several songs from our first band Ar\u00f6g founded in 1987, an unreleased Mordor&rsquo;s track titled \u201cBlack Roses from the Dawn of Chaos\u201d, which later will be added to the Wild Rags successive versions of <em>Odes<\/em>, and pieces from our extreme noise\/grind\/industrial side-project Gora (also spelled G.O.R.A.) founded in 1988. <\/span><\/p>\n<p class=\"p1\"><span class=\"s1\">Ar\u00f6g&rsquo;s songs came from a rehearsal session, possibly recorded in 1988 or 1989. \u201cInsanity\u201d will be later reworked for <em>Csejthe<\/em> and renamed \u201cLast Demoniac Invocation\u201d. Gora&rsquo;s pieces were taken from the first demo <em>Experiments in Abomination<\/em>, issued probably in 1989.<\/span><\/p>\n","protected":false},"excerpt":{"rendered":"<div class=\"mh-excerpt\"><p>Ar\u00f6g\/Mordor\/G.O.R.A. Compilation (1991) AROG Die Angels of God Rubbish Planet Hurlement Insanity Ave Tenebrae Fall into Hell MORDOR Black Roses from the Dawn of Chaos, <a class=\"mh-excerpt-more\" href=\"https:\/\/mordorswiss.com\/index.php\/discography\/arogmordorg-o-r-a-compilation-1991\/\" title=\"Ar\u00f6g\/Mordor\/G.O.R.A. Compilation (1991)\">[&#8230;]<\/a><\/p>\n<\/div>","protected":false},"author":1,"featured_media":0,"parent":76,"menu_order":0,"comment_status":"closed","ping_status":"closed","template":"","meta":{"footnotes":""},"yoast_head":"<!-- This site is optimized with the Yoast SEO plugin v16.2 - https:\/\/yoast.com\/wordpress\/plugins\/seo\/ -->\n<title>Ar\u00f6g\/Mordor\/G.O.R.A. Compilation (1991) - Mordor Swiss Official<\/title>\n<meta name=\"robots\" content=\"index, follow, max-snippet:-1, max-image-preview:large, max-video-preview:-1\" \/>\n<link rel=\"canonical\" href=\"https:\/\/mordorswiss.com\/index.php\/discography\/arogmordorg-o-r-a-compilation-1991\/\" \/>\n<meta property=\"og:locale\" content=\"fr_FR\" \/>\n<meta property=\"og:type\" content=\"article\" \/>\n<meta property=\"og:title\" content=\"Ar\u00f6g\/Mordor\/G.O.R.A. Compilation (1991) - Mordor Swiss Official\" \/>\n<meta property=\"og:description\" content=\"Ar\u00f6g\/Mordor\/G.O.R.A. Compilation (1991) AROG Die Angels of God Rubbish Planet Hurlement Insanity Ave Tenebrae Fall into Hell MORDOR Black Roses from the Dawn of Chaos, [...]\" \/>\n<meta property=\"og:url\" content=\"https:\/\/mordorswiss.com\/index.php\/discography\/arogmordorg-o-r-a-compilation-1991\/\" \/>\n<meta property=\"og:site_name\" content=\"Mordor Swiss Official\" \/>\n<meta property=\"article:modified_time\" content=\"2020-05-22T08:37:50+00:00\" \/>\n<meta property=\"og:image\" content=\"http:\/\/mordorswiss.com\/wp-content\/uploads\/2019\/09\/compil_arog_mordor_gora.jpg\" \/>\n<meta name=\"twitter:card\" content=\"summary_large_image\" \/>\n<meta name=\"twitter:label1\" content=\"Dur\u00e9e de lecture est.\">\n\t<meta name=\"twitter:data1\" content=\"1 minute\">\n<script type=\"application\/ld+json\" class=\"yoast-schema-graph\">{\"@context\":\"https:\/\/schema.org\",\"@graph\":[{\"@type\":\"WebSite\",\"@id\":\"https:\/\/mordorswiss.com\/#website\",\"url\":\"https:\/\/mordorswiss.com\/\",\"name\":\"Mordor Swiss Official\",\"description\":\"Only Dark is Absolute\",\"potentialAction\":[{\"@type\":\"SearchAction\",\"target\":\"https:\/\/mordorswiss.com\/?s={search_term_string}\",\"query-input\":\"required name=search_term_string\"}],\"inLanguage\":\"fr-FR\"},{\"@type\":\"ImageObject\",\"@id\":\"https:\/\/mordorswiss.com\/index.php\/discography\/arogmordorg-o-r-a-compilation-1991\/#primaryimage\",\"inLanguage\":\"fr-FR\",\"url\":\"http:\/\/mordorswiss.com\/wp-content\/uploads\/2019\/09\/compil_arog_mordor_gora.jpg\",\"contentUrl\":\"http:\/\/mordorswiss.com\/wp-content\/uploads\/2019\/09\/compil_arog_mordor_gora.jpg\"},{\"@type\":\"WebPage\",\"@id\":\"https:\/\/mordorswiss.com\/index.php\/discography\/arogmordorg-o-r-a-compilation-1991\/#webpage\",\"url\":\"https:\/\/mordorswiss.com\/index.php\/discography\/arogmordorg-o-r-a-compilation-1991\/\",\"name\":\"Ar\\u00f6g\/Mordor\/G.O.R.A. Compilation (1991) - Mordor Swiss Official\",\"isPartOf\":{\"@id\":\"https:\/\/mordorswiss.com\/#website\"},\"primaryImageOfPage\":{\"@id\":\"https:\/\/mordorswiss.com\/index.php\/discography\/arogmordorg-o-r-a-compilation-1991\/#primaryimage\"},\"datePublished\":\"2019-09-09T16:53:55+00:00\",\"dateModified\":\"2020-05-22T08:37:50+00:00\",\"breadcrumb\":{\"@id\":\"https:\/\/mordorswiss.com\/index.php\/discography\/arogmordorg-o-r-a-compilation-1991\/#breadcrumb\"},\"inLanguage\":\"fr-FR\",\"potentialAction\":[{\"@type\":\"ReadAction\",\"target\":[\"https:\/\/mordorswiss.com\/index.php\/discography\/arogmordorg-o-r-a-compilation-1991\/\"]}]},{\"@type\":\"BreadcrumbList\",\"@id\":\"https:\/\/mordorswiss.com\/index.php\/discography\/arogmordorg-o-r-a-compilation-1991\/#breadcrumb\",\"itemListElement\":[{\"@type\":\"ListItem\",\"position\":1,\"item\":{\"@type\":\"WebPage\",\"@id\":\"https:\/\/mordorswiss.com\/\",\"url\":\"https:\/\/mordorswiss.com\/\",\"name\":\"Accueil\"}},{\"@type\":\"ListItem\",\"position\":2,\"item\":{\"@type\":\"WebPage\",\"@id\":\"https:\/\/mordorswiss.com\/index.php\/discography\/\",\"url\":\"https:\/\/mordorswiss.com\/index.php\/discography\/\",\"name\":\"Discography\"}},{\"@type\":\"ListItem\",\"position\":3,\"item\":{\"@id\":\"https:\/\/mordorswiss.com\/index.php\/discography\/arogmordorg-o-r-a-compilation-1991\/#webpage\"}}]}]}<\/script>\n<!-- \/ Yoast SEO plugin. -->","_links":{"self":[{"href":"https:\/\/mordorswiss.com\/index.php\/wp-json\/wp\/v2\/pages\/331"}],"collection":[{"href":"https:\/\/mordorswiss.com\/index.php\/wp-json\/wp\/v2\/pages"}],"about":[{"href":"https:\/\/mordorswiss.com\/index.php\/wp-json\/wp\/v2\/types\/page"}],"author":[{"embeddable":true,"href":"https:\/\/mordorswiss.com\/index.php\/wp-json\/wp\/v2\/users\/1"}],"replies":[{"embeddable":true,"href":"https:\/\/mordorswiss.com\/index.php\/wp-json\/wp\/v2\/comments?post=331"}],"version-history":[{"count":5,"href":"https:\/\/mordorswiss.com\/index.php\/wp-json\/wp\/v2\/pages\/331\/revisions"}],"predecessor-version":[{"id":955,"href":"https:\/\/mordorswiss.com\/index.php\/wp-json\/wp\/v2\/pages\/331\/revisions\/955"}],"up":[{"embeddable":true,"href":"https:\/\/mordorswiss.com\/index.php\/wp-json\/wp\/v2\/pages\/76"}],"wp:attachment":[{"href":"https:\/\/mordorswiss.com\/index.php\/wp-json\/wp\/v2\/media?parent=331"}],"curies":[{"name":"wp","href":"https:\/\/api.w.org\/{rel}","templated":true}]}}